{"id":2040,"date":"2017-03-28T17:03:55","date_gmt":"2017-03-28T16:03:55","guid":{"rendered":"http:\/\/bloglaboral.garrigues.com\/?page_id=2040"},"modified":"2017-03-28T17:03:55","modified_gmt":"2017-03-28T16:03:55","slug":"about-us","status":"publish","type":"page","link":"https:\/\/bloglaboral.garrigues.com\/en\/about-us","title":{"rendered":"About us"},"content":{"rendered":"<p>Garrigues is the\u00a0<strong>Iberian Peninsula\u2019s leading tax and legal services firm\u00a0<\/strong>in terms of professional headcount and billings. We know the industry inside out and provide value added to each and every one of our clients.<\/p>\n<p>Our history dates back to 1941, when brothers Joaqu\u00edn and Antonio Garrigues D\u00edaz-Ca\u00f1abate founded the law firm J&amp;A Garrigues, which went on to amass enormous prestige in the second half of the 20th century. Following the merger with Arthur Andersen, Asesores Legales y Tributarios (ALT) in 1997, the Firm took its place among Europe\u2019s largest and most influential practices. In 2002, in the wake of the disappearance of the Andersen Worldwide network, <a href=\"http:\/\/www.garrigues.com\/en\/\">Garrigues<\/a> opted to continue as an independent concern and embarked on a new phase, marked by the\u00a0<strong>business-first approach and global vision<\/strong>\u00a0that have made the Firm the market leader.<\/p>\n<p>At present, our team is made up of more than 2,000 people and offers advice the world over on the whole range of <a href=\"http:\/\/www.garrigues.com\/en\/AreasDePractica\/Paginas\/Home.aspx\">business law-related matters<\/a>.<\/p>\n","protected":false},"excerpt":{"rendered":"<p>Garrigues is the\u00a0Iberian Peninsula\u2019s leading tax and legal services firm\u00a0in terms of professional headcount and billings. We know the industry inside out and provide value added to each and every one of our clients. Our history dates back to 1941, when brothers Joaqu\u00edn and Antonio Garrigues D\u00edaz-Ca\u00f1abate founded the law firm J&amp;A Garrigues, which went [&hellip;]<\/p>\n","protected":false},"author":1,"featured_media":0,"parent":0,"menu_order":0,"comment_status":"closed","ping_status":"closed","template":"","meta":{"footnotes":""},"coauthors":[37],"class_list":["post-2040","page","type-page","status-publish","hentry"],"aioseo_notices":[],"_links":{"self":[{"href":"https:\/\/bloglaboral.garrigues.com\/en\/wp-json\/wp\/v2\/pages\/2040","targetHints":{"allow":["GET"]}}],"collection":[{"href":"https:\/\/bloglaboral.garrigues.com\/en\/wp-json\/wp\/v2\/pages"}],"about":[{"href":"https:\/\/bloglaboral.garrigues.com\/en\/wp-json\/wp\/v2\/types\/page"}],"author":[{"embeddable":true,"href":"https:\/\/bloglaboral.garrigues.com\/en\/wp-json\/wp\/v2\/users\/1"}],"replies":[{"embeddable":true,"href":"https:\/\/bloglaboral.garrigues.com\/en\/wp-json\/wp\/v2\/comments?post=2040"}],"version-history":[{"count":1,"href":"https:\/\/bloglaboral.garrigues.com\/en\/wp-json\/wp\/v2\/pages\/2040\/revisions"}],"predecessor-version":[{"id":2041,"href":"https:\/\/bloglaboral.garrigues.com\/en\/wp-json\/wp\/v2\/pages\/2040\/revisions\/2041"}],"wp:attachment":[{"href":"https:\/\/bloglaboral.garrigues.com\/en\/wp-json\/wp\/v2\/media?parent=2040"}],"wp:term":[{"taxonomy":"author","embeddable":true,"href":"https:\/\/bloglaboral.garrigues.com\/en\/wp-json\/wp\/v2\/coauthors?post=2040"}],"curies":[{"name":"wp","href":"https:\/\/api.w.org\/{rel}","templated":true}]}}